{"id":22,"date":"2024-02-06T14:03:48","date_gmt":"2024-02-06T13:03:48","guid":{"rendered":"https:\/\/feypasalvaterra.com\/?page_id=22"},"modified":"2024-03-11T12:35:05","modified_gmt":"2024-03-11T11:35:05","slug":"empresa","status":"publish","type":"page","link":"https:\/\/feypasalvaterra.com\/index.php\/empresa\/","title":{"rendered":"Empresa"},"content":{"rendered":"\n<div class=\"wp-block-group alignfull has-background\" style=\"background-color:#1a415e;padding-top:6vw;padding-right:6vw;padding-bottom:6vw;padding-left:6vw\"><div class=\"wp-block-group__inner-container is-layout-flow wp-block-group-is-layout-flow\">\n<div class=\"wp-block-group is-vertical is-nowrap is-layout-flex wp-container-core-group-is-layout-287ef9cb wp-block-group-is-layout-flex\" style=\"padding-right:0;padding-left:0\">\n<h6 class=\"wp-block-heading has-white-color has-text-color\" id=\"ecosystem\" style=\"font-size:20px\">-QUIENES SOMOS-<\/h6>\n<\/div>\n\n\n\n<div style=\"height:1vw\" aria-hidden=\"true\" class=\"wp-block-spacer\"><\/div>\n\n\n\n<div class=\"wp-block-group alignwide is-vertical is-nowrap is-layout-flex wp-container-core-group-is-layout-8171334d wp-block-group-is-layout-flex\" style=\"padding-top:0;padding-right:0;padding-bottom:0;padding-left:0\">\n<div class=\"wp-block-columns alignwide is-layout-flex wp-container-core-columns-is-layout-2656d967 wp-block-columns-is-layout-flex\">\n<div class=\"wp-block-column is-layout-flow wp-block-column-is-layout-flow\" style=\"flex-basis:33.38%\">\n<p class=\"has-white-color has-text-color has-link-color wp-elements-34da5f51c328a020d470a73ed8bd04ef\">En <strong>Feypa Salvaterra, S.L.<\/strong>, nuestra historia se teje con m\u00e1s de 25 a\u00f1os de dedicaci\u00f3n a la excelencia en la reparaci\u00f3n y montaje de maquinaria industrial. Iniciamos nuestra traves\u00eda en el sector de la piedra y, a lo largo de los a\u00f1os, hemos expandido nuestra presencia con \u00e9xito en diversos sectores, incluyendo el de la madera.<\/p>\n\n\n\n<p class=\"has-white-color has-text-color has-link-color wp-elements-e713a85acb81335a5382d5a3c46a5282\">Nos enorgullece nuestro compromiso inquebrantable con la calidad y la satisfacci\u00f3n del cliente. Cada proyecto es una oportunidad para demostrar nuestra habilidad t\u00e9cnica y nuestro compromiso con la entrega de soluciones confiables.<\/p>\n<\/div>\n\n\n\n<div class=\"wp-block-column is-layout-flow wp-block-column-is-layout-flow\" style=\"flex-basis:33%\">\n<div style=\"height:2vw\" aria-hidden=\"true\" class=\"wp-block-spacer\"><\/div>\n\n\n\n<figure class=\"wp-block-image size-full\"><img decoding=\"async\" src=\"https:\/\/feypasalvaterra.com\/wp-content\/uploads\/2024\/02\/REPARACION-TAMBOR.jpg\" alt=\"\" class=\"wp-image-106\"\/><\/figure>\n<\/div>\n\n\n\n<div class=\"wp-block-column is-layout-flow wp-block-column-is-layout-flow\" style=\"flex-basis:33.62%\">\n<figure class=\"wp-block-image size-full\"><img decoding=\"async\" src=\"https:\/\/feypasalvaterra.com\/wp-content\/uploads\/2024\/02\/TRABAJOS-GRUA-4.jpg\" alt=\"\" class=\"wp-image-103\"\/><\/figure>\n<\/div>\n<\/div>\n\n\n\n<div class=\"wp-block-columns alignwide is-layout-flex wp-container-core-columns-is-layout-724a882f wp-block-columns-is-layout-flex\">\n<div class=\"wp-block-column is-layout-flow wp-block-column-is-layout-flow\" style=\"flex-basis:69%\">\n<figure class=\"wp-block-image size-full\"><img decoding=\"async\" src=\"https:\/\/feypasalvaterra.com\/wp-content\/uploads\/2024\/02\/IMG-20240221-WA0004.jpg\" alt=\"\" class=\"wp-image-104\"\/><\/figure>\n<\/div>\n\n\n\n<div class=\"wp-block-column is-vertically-aligned-center is-layout-flow wp-block-column-is-layout-flow\" style=\"flex-basis:33%\">\n<h2 class=\"wp-block-heading has-white-color has-text-color has-link-color has-medium-font-size wp-elements-640be133b3db78f5700f915582850b5f\"><strong>Nuestro Equipo<\/strong><\/h2>\n\n\n\n<p class=\"has-white-color has-text-color has-link-color wp-elements-152d2161689ce2520c0584b88d060b8a\">Detr\u00e1s de nuestro \u00e9xito se encuentra un equipo de profesionales altamente capacitados y apasionados. Desde ingenieros hasta t\u00e9cnicos especializados, todos comparten la misma visi\u00f3n: ofrecer servicios excepcionales que superen las expectativas de nuestros clientes.<\/p>\n\n\n\n<p class=\"has-white-color has-text-color has-link-color wp-elements-6d95a769742cba78fb2eaebc6cc3dcd3\">Nos mantenemos a la vanguardia de las \u00faltimas tecnolog\u00edas y metodolog\u00edas, permiti\u00e9ndonos abordar desaf\u00edos complejos con soluciones innovadoras.<\/p>\n\n\n\n<p class=\"has-white-color has-text-color has-link-color wp-elements-9bfd647ce0daeb96d55320a10979e45a\">En nuestro compromiso con la sostenibilidad, implementamos pr\u00e1cticas que reducen nuestro impacto ambiental y promueven un entorno de trabajo responsable.<\/p>\n<\/div>\n<\/div>\n<\/div>\n<\/div><\/div>\n","protected":false},"excerpt":{"rendered":"<p>-QUIENES SOMOS- En Feypa Salvaterra, S.L., nuestra historia se teje con m\u00e1s de 25 a\u00f1os de dedicaci\u00f3n a la excelencia en la reparaci\u00f3n y montaje de maquinaria industrial. Iniciamos nuestra traves\u00eda en el sector de la piedra y, a lo largo de los a\u00f1os, hemos expandido nuestra presencia con \u00e9xito en diversos sectores, incluyendo el<span class=\"post-excerpt-end\">&hellip;<\/span><\/p>\n<p class=\"more-link\"><a href=\"https:\/\/feypasalvaterra.com\/index.php\/empresa\/\" class=\"themebutton\">Leer m\u00e1s<\/a><\/p>\n","protected":false},"author":1,"featured_media":0,"parent":0,"menu_order":0,"comment_status":"closed","ping_status":"closed","template":"","meta":{"footnotes":""},"class_list":["post-22","page","type-page","status-publish","hentry"],"yoast_head":"<!-- This site is optimized with the Yoast SEO plugin v27.5 - https:\/\/yoast.com\/product\/yoast-seo-wordpress\/ -->\n<title>Empresa - FeypaSalvaterra<\/title>\n<meta name=\"robots\" content=\"index, follow, max-snippet:-1, max-image-preview:large, max-video-preview:-1\" \/>\n<link rel=\"canonical\" href=\"https:\/\/feypasalvaterra.com\/index.php\/empresa\/\" \/>\n<meta property=\"og:locale\" content=\"es_ES\" \/>\n<meta property=\"og:type\" content=\"article\" \/>\n<meta property=\"og:title\" content=\"Empresa - FeypaSalvaterra\" \/>\n<meta property=\"og:description\" content=\"-QUIENES SOMOS- En Feypa Salvaterra, S.L., nuestra historia se teje con m\u00e1s de 25 a\u00f1os de dedicaci\u00f3n a la excelencia en la reparaci\u00f3n y montaje de maquinaria industrial. Iniciamos nuestra traves\u00eda en el sector de la piedra y, a lo largo de los a\u00f1os, hemos expandido nuestra presencia con \u00e9xito en diversos sectores, incluyendo el&hellip;Leer m\u00e1s\" \/>\n<meta property=\"og:url\" content=\"https:\/\/feypasalvaterra.com\/index.php\/empresa\/\" \/>\n<meta property=\"og:site_name\" content=\"FeypaSalvaterra\" \/>\n<meta property=\"article:modified_time\" content=\"2024-03-11T11:35:05+00:00\" \/>\n<meta property=\"og:image\" content=\"https:\/\/feypasalvaterra.com\/wp-content\/uploads\/2024\/02\/REPARACION-TAMBOR.jpg\" \/>\n<meta name=\"twitter:card\" content=\"summary_large_image\" \/>\n<meta name=\"twitter:label1\" content=\"Tiempo de lectura\" \/>\n\t<meta name=\"twitter:data1\" content=\"2 minutos\" \/>\n<script type=\"application\/ld+json\" class=\"yoast-schema-graph\">{\"@context\":\"https:\\\/\\\/schema.org\",\"@graph\":[{\"@type\":\"WebPage\",\"@id\":\"https:\\\/\\\/feypasalvaterra.com\\\/index.php\\\/empresa\\\/\",\"url\":\"https:\\\/\\\/feypasalvaterra.com\\\/index.php\\\/empresa\\\/\",\"name\":\"Empresa - FeypaSalvaterra\",\"isPartOf\":{\"@id\":\"https:\\\/\\\/feypasalvaterra.com\\\/#website\"},\"primaryImageOfPage\":{\"@id\":\"https:\\\/\\\/feypasalvaterra.com\\\/index.php\\\/empresa\\\/#primaryimage\"},\"image\":{\"@id\":\"https:\\\/\\\/feypasalvaterra.com\\\/index.php\\\/empresa\\\/#primaryimage\"},\"thumbnailUrl\":\"https:\\\/\\\/feypasalvaterra.com\\\/wp-content\\\/uploads\\\/2024\\\/02\\\/REPARACION-TAMBOR.jpg\",\"datePublished\":\"2024-02-06T13:03:48+00:00\",\"dateModified\":\"2024-03-11T11:35:05+00:00\",\"breadcrumb\":{\"@id\":\"https:\\\/\\\/feypasalvaterra.com\\\/index.php\\\/empresa\\\/#breadcrumb\"},\"inLanguage\":\"es\",\"potentialAction\":[{\"@type\":\"ReadAction\",\"target\":[\"https:\\\/\\\/feypasalvaterra.com\\\/index.php\\\/empresa\\\/\"]}]},{\"@type\":\"ImageObject\",\"inLanguage\":\"es\",\"@id\":\"https:\\\/\\\/feypasalvaterra.com\\\/index.php\\\/empresa\\\/#primaryimage\",\"url\":\"\",\"contentUrl\":\"\"},{\"@type\":\"BreadcrumbList\",\"@id\":\"https:\\\/\\\/feypasalvaterra.com\\\/index.php\\\/empresa\\\/#breadcrumb\",\"itemListElement\":[{\"@type\":\"ListItem\",\"position\":1,\"name\":\"Portada\",\"item\":\"https:\\\/\\\/feypasalvaterra.com\\\/\"},{\"@type\":\"ListItem\",\"position\":2,\"name\":\"Empresa\"}]},{\"@type\":\"WebSite\",\"@id\":\"https:\\\/\\\/feypasalvaterra.com\\\/#website\",\"url\":\"https:\\\/\\\/feypasalvaterra.com\\\/\",\"name\":\"FeypaSalvaterra\",\"description\":\"\",\"potentialAction\":[{\"@type\":\"SearchAction\",\"target\":{\"@type\":\"EntryPoint\",\"urlTemplate\":\"https:\\\/\\\/feypasalvaterra.com\\\/?s={search_term_string}\"},\"query-input\":{\"@type\":\"PropertyValueSpecification\",\"valueRequired\":true,\"valueName\":\"search_term_string\"}}],\"inLanguage\":\"es\"}]}<\/script>\n<!-- \/ Yoast SEO plugin. -->","yoast_head_json":{"title":"Empresa - FeypaSalvaterra","robots":{"index":"index","follow":"follow","max-snippet":"max-snippet:-1","max-image-preview":"max-image-preview:large","max-video-preview":"max-video-preview:-1"},"canonical":"https:\/\/feypasalvaterra.com\/index.php\/empresa\/","og_locale":"es_ES","og_type":"article","og_title":"Empresa - FeypaSalvaterra","og_description":"-QUIENES SOMOS- En Feypa Salvaterra, S.L., nuestra historia se teje con m\u00e1s de 25 a\u00f1os de dedicaci\u00f3n a la excelencia en la reparaci\u00f3n y montaje de maquinaria industrial. Iniciamos nuestra traves\u00eda en el sector de la piedra y, a lo largo de los a\u00f1os, hemos expandido nuestra presencia con \u00e9xito en diversos sectores, incluyendo el&hellip;Leer m\u00e1s","og_url":"https:\/\/feypasalvaterra.com\/index.php\/empresa\/","og_site_name":"FeypaSalvaterra","article_modified_time":"2024-03-11T11:35:05+00:00","og_image":[{"url":"https:\/\/feypasalvaterra.com\/wp-content\/uploads\/2024\/02\/REPARACION-TAMBOR.jpg","type":"","width":"","height":""}],"twitter_card":"summary_large_image","twitter_misc":{"Tiempo de lectura":"2 minutos"},"schema":{"@context":"https:\/\/schema.org","@graph":[{"@type":"WebPage","@id":"https:\/\/feypasalvaterra.com\/index.php\/empresa\/","url":"https:\/\/feypasalvaterra.com\/index.php\/empresa\/","name":"Empresa - FeypaSalvaterra","isPartOf":{"@id":"https:\/\/feypasalvaterra.com\/#website"},"primaryImageOfPage":{"@id":"https:\/\/feypasalvaterra.com\/index.php\/empresa\/#primaryimage"},"image":{"@id":"https:\/\/feypasalvaterra.com\/index.php\/empresa\/#primaryimage"},"thumbnailUrl":"https:\/\/feypasalvaterra.com\/wp-content\/uploads\/2024\/02\/REPARACION-TAMBOR.jpg","datePublished":"2024-02-06T13:03:48+00:00","dateModified":"2024-03-11T11:35:05+00:00","breadcrumb":{"@id":"https:\/\/feypasalvaterra.com\/index.php\/empresa\/#breadcrumb"},"inLanguage":"es","potentialAction":[{"@type":"ReadAction","target":["https:\/\/feypasalvaterra.com\/index.php\/empresa\/"]}]},{"@type":"ImageObject","inLanguage":"es","@id":"https:\/\/feypasalvaterra.com\/index.php\/empresa\/#primaryimage","url":"","contentUrl":""},{"@type":"BreadcrumbList","@id":"https:\/\/feypasalvaterra.com\/index.php\/empresa\/#breadcrumb","itemListElement":[{"@type":"ListItem","position":1,"name":"Portada","item":"https:\/\/feypasalvaterra.com\/"},{"@type":"ListItem","position":2,"name":"Empresa"}]},{"@type":"WebSite","@id":"https:\/\/feypasalvaterra.com\/#website","url":"https:\/\/feypasalvaterra.com\/","name":"FeypaSalvaterra","description":"","potentialAction":[{"@type":"SearchAction","target":{"@type":"EntryPoint","urlTemplate":"https:\/\/feypasalvaterra.com\/?s={search_term_string}"},"query-input":{"@type":"PropertyValueSpecification","valueRequired":true,"valueName":"search_term_string"}}],"inLanguage":"es"}]}},"_links":{"self":[{"href":"https:\/\/feypasalvaterra.com\/index.php\/wp-json\/wp\/v2\/pages\/22","targetHints":{"allow":["GET"]}}],"collection":[{"href":"https:\/\/feypasalvaterra.com\/index.php\/wp-json\/wp\/v2\/pages"}],"about":[{"href":"https:\/\/feypasalvaterra.com\/index.php\/wp-json\/wp\/v2\/types\/page"}],"author":[{"embeddable":true,"href":"https:\/\/feypasalvaterra.com\/index.php\/wp-json\/wp\/v2\/users\/1"}],"replies":[{"embeddable":true,"href":"https:\/\/feypasalvaterra.com\/index.php\/wp-json\/wp\/v2\/comments?post=22"}],"version-history":[{"count":23,"href":"https:\/\/feypasalvaterra.com\/index.php\/wp-json\/wp\/v2\/pages\/22\/revisions"}],"predecessor-version":[{"id":270,"href":"https:\/\/feypasalvaterra.com\/index.php\/wp-json\/wp\/v2\/pages\/22\/revisions\/270"}],"wp:attachment":[{"href":"https:\/\/feypasalvaterra.com\/index.php\/wp-json\/wp\/v2\/media?parent=22"}],"curies":[{"name":"wp","href":"https:\/\/api.w.org\/{rel}","templated":true}]}}