{"id":28,"date":"2024-02-06T14:04:23","date_gmt":"2024-02-06T13:04:23","guid":{"rendered":"https:\/\/feypasalvaterra.com\/?page_id=28"},"modified":"2024-03-07T12:14:45","modified_gmt":"2024-03-07T11:14:45","slug":"blog","status":"publish","type":"page","link":"https:\/\/feypasalvaterra.com\/index.php\/blog\/","title":{"rendered":"Tienda"},"content":{"rendered":"\n<div class=\"wp-block-columns is-layout-flex wp-container-core-columns-is-layout-9d6595d7 wp-block-columns-is-layout-flex\">\n<div class=\"wp-block-column is-layout-flow wp-block-column-is-layout-flow\">\n<p class=\"has-text-align-center has-white-color has-text-color has-background has-link-color wp-elements-6950c78f52615eb2e640b74e46d193bc\" style=\"background-color:#10567a\"><strong>CONTACTA CON NOSTROS PARA SABER M\u00c1S SOBRE NUESTROS PRODUCTOS<\/strong><\/p>\n\n\n\n<div class=\"wp-block-buttons is-content-justification-center is-layout-flex wp-container-core-buttons-is-layout-16018d1d wp-block-buttons-is-layout-flex\">\n<div class=\"wp-block-button has-custom-width wp-block-button__width-50\"><a class=\"wp-block-button__link has-white-color has-text-color has-background has-link-color wp-element-button\" href=\"https:\/\/feypasalvaterra.com\/index.php\/contacto\/\" style=\"background-color:#121a21\" target=\"_blank\" rel=\"noreferrer noopener\">CONTACTAR<\/a><\/div>\n<\/div>\n<\/div>\n<\/div>\n\n\n\n<p> <\/p>\n\n\n\n<div class=\"wp-block-columns alignwide is-layout-flex wp-container-core-columns-is-layout-829b1d53 wp-block-columns-is-layout-flex\" style=\"margin-bottom:0\">\n<div class=\"wp-block-column has-text-color has-background has-link-color wp-elements-e6707201a5bd9d352bd7fb9e50bd8a81 is-layout-flow wp-block-column-is-layout-flow\" style=\"color:#00486b;background-color:#10577a21;padding-top:2em;padding-right:2em;padding-bottom:2em;padding-left:2em\">\n<h2 class=\"wp-block-heading has-text-align-center has-text-color has-link-color wp-elements-54e0e5a47f20e1ceb7618f19e657b9bd\" id=\"single\" style=\"color:#00486b;font-size:40px\">Venta de <strong>Gomas y Poleas<\/strong><\/h2>\n\n\n\n<p class=\"has-normal-font-size\" style=\"line-height:1.5\"><strong>\u00a1Optimiza tu rendimiento con nuestras gomas y poleas de calidad excepcional! En Feypa Salvaterra, ofrecemos soluciones duraderas y eficientes para todas tus necesidades. Descubre la excelencia en cada aplicaci\u00f3n. \u00a1Haz tu pedido ahora y eleva tus proyectos al siguiente nivel!<\/strong><\/p>\n\n\n\n<hr class=\"wp-block-separator has-text-color has-alpha-channel-opacity has-background is-style-wide\" style=\"background-color:#00486b;color:#00486b\"\/>\n\n\n<div class=\"wp-block-image is-style-default\">\n<figure data-wp-context=\"{&quot;imageId&quot;:&quot;69f3b263ee3a0&quot;}\" data-wp-interactive=\"core\/image\" data-wp-key=\"69f3b263ee3a0\" class=\"aligncenter size-full is-resized wp-lightbox-container\"><img loading=\"lazy\" decoding=\"async\" width=\"1500\" height=\"2000\" data-wp-class--hide=\"state.isContentHidden\" data-wp-class--show=\"state.isContentVisible\" data-wp-init=\"callbacks.setButtonStyles\" data-wp-on--click=\"actions.showLightbox\" data-wp-on--load=\"callbacks.setButtonStyles\" data-wp-on-window--resize=\"callbacks.setButtonStyles\" src=\"https:\/\/feypasalvaterra.com\/wp-content\/uploads\/2024\/03\/VENTA-DE-TODO-TIPO-DE-GOMAS-Y-POLEAS-1.jpg\" alt=\"\" class=\"wp-image-238\" style=\"aspect-ratio:1;object-fit:cover;width:342px;height:auto\"\/><button\n\t\t\tclass=\"lightbox-trigger\"\n\t\t\ttype=\"button\"\n\t\t\taria-haspopup=\"dialog\"\n\t\t\taria-label=\"Agrandar\"\n\t\t\tdata-wp-init=\"callbacks.initTriggerButton\"\n\t\t\tdata-wp-on--click=\"actions.showLightbox\"\n\t\t\tdata-wp-style--right=\"state.imageButtonRight\"\n\t\t\tdata-wp-style--top=\"state.imageButtonTop\"\n\t\t>\n\t\t\t<svg xmlns=\"http:\/\/www.w3.org\/2000\/svg\" width=\"12\" height=\"12\" fill=\"none\" viewBox=\"0 0 12 12\">\n\t\t\t\t<path fill=\"#fff\" d=\"M2 0a2 2 0 0 0-2 2v2h1.5V2a.5.5 0 0 1 .5-.5h2V0H2Zm2 10.5H2a.5.5 0 0 1-.5-.5V8H0v2a2 2 0 0 0 2 2h2v-1.5ZM8 12v-1.5h2a.5.5 0 0 0 .5-.5V8H12v2a2 2 0 0 1-2 2H8Zm2-12a2 2 0 0 1 2 2v2h-1.5V2a.5.5 0 0 0-.5-.5H8V0h2Z\" \/>\n\t\t\t<\/svg>\n\t\t<\/button><\/figure>\n<\/div>\n\n\n<div class=\"wp-block-buttons alignfull is-horizontal is-content-justification-center is-layout-flex wp-container-core-buttons-is-layout-499968f5 wp-block-buttons-is-layout-flex\">\n<div class=\"wp-block-button has-custom-width wp-block-button__width-50 is-style-fill\"><a class=\"wp-block-button__link has-white-color has-text-color has-background wp-element-button\" href=\"https:\/\/feypasalvaterra.com\/index.php\/contacto\/\" style=\"border-radius:10px;background-color:#10577ac4\">Contactar<\/a><\/div>\n<\/div>\n<\/div>\n\n\n\n<div class=\"wp-block-column has-text-color has-background has-link-color wp-elements-cafa64db8db3873d616fa8b9ac2e7af5 is-layout-flow wp-block-column-is-layout-flow\" style=\"color:#00486b;background-color:#10577a21;padding-top:2em;padding-right:2em;padding-bottom:2em;padding-left:2em\">\n<h2 class=\"wp-block-heading has-text-align-center has-text-color has-link-color wp-elements-7d26e10d5bbeca394780c47fb85c10a8\" id=\"single\" style=\"color:#00486b;font-size:40px\">Venta Maquinaria Usada<\/h2>\n\n\n\n<p class=\"has-normal-font-size\" style=\"line-height:1.5\"><strong>Descubre la eficiencia y ahorra con nuestra maquinaria usada de alta calidad. Simplifica tus operaciones y maximiza tu inversi\u00f3n. \u00a1Explora nuestro inventario hoy mismo y da un impulso a tus proyectos con la maquinaria adecuada!<\/strong><\/p>\n\n\n\n<hr class=\"wp-block-separator has-text-color has-alpha-channel-opacity has-background is-style-wide\" style=\"background-color:#00486b;color:#00486b\"\/>\n\n\n<div class=\"wp-block-image\">\n<figure data-wp-context=\"{&quot;imageId&quot;:&quot;69f3b263ee9d0&quot;}\" data-wp-interactive=\"core\/image\" data-wp-key=\"69f3b263ee9d0\" class=\"aligncenter size-full is-resized wp-lightbox-container\"><img loading=\"lazy\" decoding=\"async\" width=\"4000\" height=\"3000\" data-wp-class--hide=\"state.isContentHidden\" data-wp-class--show=\"state.isContentVisible\" data-wp-init=\"callbacks.setButtonStyles\" data-wp-on--click=\"actions.showLightbox\" data-wp-on--load=\"callbacks.setButtonStyles\" data-wp-on-window--resize=\"callbacks.setButtonStyles\" src=\"https:\/\/feypasalvaterra.com\/wp-content\/uploads\/2024\/03\/VENTA-MAQUINARIA-USADA.jpg\" alt=\"\" class=\"wp-image-239\" style=\"aspect-ratio:1;object-fit:cover;width:342px\"\/><button\n\t\t\tclass=\"lightbox-trigger\"\n\t\t\ttype=\"button\"\n\t\t\taria-haspopup=\"dialog\"\n\t\t\taria-label=\"Agrandar\"\n\t\t\tdata-wp-init=\"callbacks.initTriggerButton\"\n\t\t\tdata-wp-on--click=\"actions.showLightbox\"\n\t\t\tdata-wp-style--right=\"state.imageButtonRight\"\n\t\t\tdata-wp-style--top=\"state.imageButtonTop\"\n\t\t>\n\t\t\t<svg xmlns=\"http:\/\/www.w3.org\/2000\/svg\" width=\"12\" height=\"12\" fill=\"none\" viewBox=\"0 0 12 12\">\n\t\t\t\t<path fill=\"#fff\" d=\"M2 0a2 2 0 0 0-2 2v2h1.5V2a.5.5 0 0 1 .5-.5h2V0H2Zm2 10.5H2a.5.5 0 0 1-.5-.5V8H0v2a2 2 0 0 0 2 2h2v-1.5ZM8 12v-1.5h2a.5.5 0 0 0 .5-.5V8H12v2a2 2 0 0 1-2 2H8Zm2-12a2 2 0 0 1 2 2v2h-1.5V2a.5.5 0 0 0-.5-.5H8V0h2Z\" \/>\n\t\t\t<\/svg>\n\t\t<\/button><\/figure>\n<\/div>\n\n\n<div class=\"wp-block-buttons alignfull is-horizontal is-content-justification-center is-layout-flex wp-container-core-buttons-is-layout-499968f5 wp-block-buttons-is-layout-flex\">\n<div class=\"wp-block-button has-custom-width wp-block-button__width-50 is-style-fill\"><a class=\"wp-block-button__link has-white-color has-text-color has-background wp-element-button\" href=\"https:\/\/feypasalvaterra.com\/index.php\/contacto\/\" style=\"border-radius:10px;background-color:#10577ac4\">Contactar<\/a><\/div>\n<\/div>\n<\/div>\n<\/div>\n\n\n\n<p> <\/p>\n\n\n\n<div class=\"wp-block-columns alignwide is-layout-flex wp-container-core-columns-is-layout-829b1d53 wp-block-columns-is-layout-flex\" style=\"margin-bottom:0\">\n<div class=\"wp-block-column has-text-color has-background has-link-color wp-elements-249ff94e31e7a2290acd4819b56a6b92 is-layout-flow wp-block-column-is-layout-flow\" style=\"color:#00486b;background-color:#10577a21;padding-top:2em;padding-right:2em;padding-bottom:2em;padding-left:2em\">\n<h2 class=\"wp-block-heading has-text-align-center has-text-color has-link-color wp-elements-6dff9fcd31d1855203db4f9c759b96bf\" id=\"single\" style=\"color:#00486b;font-size:40px\">Venta y Montaje de maquinaria nueva<\/h2>\n\n\n\n<p class=\"has-normal-font-size\" style=\"line-height:1.5\"><strong>Descubre la revoluci\u00f3n en productividad con nuestra destacada l\u00ednea de maquinaria nueva. nos enorgullece ofrecer equipos de \u00faltima generaci\u00f3n para satisfacer tus demandas operativas. Desde la selecci\u00f3n meticulosa de maquinaria hasta un servicio de montaje experto, estamos comprometidos con proporcionarte soluciones que potencien tu rendimiento.<\/strong><\/p>\n\n\n\n<hr class=\"wp-block-separator has-text-color has-alpha-channel-opacity has-background is-style-wide\" style=\"background-color:#00486b;color:#00486b\"\/>\n\n\n<div class=\"wp-block-image\">\n<figure data-wp-context=\"{&quot;imageId&quot;:&quot;69f3b263ef02d&quot;}\" data-wp-interactive=\"core\/image\" data-wp-key=\"69f3b263ef02d\" class=\"aligncenter size-full is-resized wp-lightbox-container\"><img loading=\"lazy\" decoding=\"async\" width=\"2048\" height=\"1536\" data-wp-class--hide=\"state.isContentHidden\" data-wp-class--show=\"state.isContentVisible\" data-wp-init=\"callbacks.setButtonStyles\" data-wp-on--click=\"actions.showLightbox\" data-wp-on--load=\"callbacks.setButtonStyles\" data-wp-on-window--resize=\"callbacks.setButtonStyles\" src=\"https:\/\/feypasalvaterra.com\/wp-content\/uploads\/2024\/03\/VENTA-Y-MONTAJE-DE-MAQUINAS-NUEVAS.jpg\" alt=\"\" class=\"wp-image-246\" style=\"aspect-ratio:1;object-fit:cover;width:342px\"\/><button\n\t\t\tclass=\"lightbox-trigger\"\n\t\t\ttype=\"button\"\n\t\t\taria-haspopup=\"dialog\"\n\t\t\taria-label=\"Agrandar\"\n\t\t\tdata-wp-init=\"callbacks.initTriggerButton\"\n\t\t\tdata-wp-on--click=\"actions.showLightbox\"\n\t\t\tdata-wp-style--right=\"state.imageButtonRight\"\n\t\t\tdata-wp-style--top=\"state.imageButtonTop\"\n\t\t>\n\t\t\t<svg xmlns=\"http:\/\/www.w3.org\/2000\/svg\" width=\"12\" height=\"12\" fill=\"none\" viewBox=\"0 0 12 12\">\n\t\t\t\t<path fill=\"#fff\" d=\"M2 0a2 2 0 0 0-2 2v2h1.5V2a.5.5 0 0 1 .5-.5h2V0H2Zm2 10.5H2a.5.5 0 0 1-.5-.5V8H0v2a2 2 0 0 0 2 2h2v-1.5ZM8 12v-1.5h2a.5.5 0 0 0 .5-.5V8H12v2a2 2 0 0 1-2 2H8Zm2-12a2 2 0 0 1 2 2v2h-1.5V2a.5.5 0 0 0-.5-.5H8V0h2Z\" \/>\n\t\t\t<\/svg>\n\t\t<\/button><\/figure>\n<\/div>\n\n\n<div class=\"wp-block-buttons alignfull is-horizontal is-content-justification-center is-layout-flex wp-container-core-buttons-is-layout-499968f5 wp-block-buttons-is-layout-flex\">\n<div class=\"wp-block-button has-custom-width wp-block-button__width-50 is-style-fill\"><a class=\"wp-block-button__link has-white-color has-text-color has-background wp-element-button\" href=\"https:\/\/feypasalvaterra.com\/index.php\/contacto\/\" style=\"border-radius:10px;background-color:#10577ac4\">Contactar<\/a><\/div>\n<\/div>\n<\/div>\n\n\n\n<div class=\"wp-block-column has-text-color has-background has-link-color wp-elements-d72e096acc75cbd525e232d4dd6e3860 is-layout-flow wp-block-column-is-layout-flow\" style=\"color:#00486b;background-color:#10577a21;padding-top:2em;padding-right:2em;padding-bottom:2em;padding-left:2em\">\n<h2 class=\"wp-block-heading has-text-align-center has-text-color has-link-color wp-elements-fb6e0739d42c255478e6f8d907e4703d\" id=\"single\" style=\"color:#00486b;font-size:40px\">Venta y Reconstrucci\u00f3n de M\u00e1quina <\/h2>\n\n\n\n<p class=\"has-normal-font-size\" style=\"line-height:1.5\"><strong>Ofrecemos una gama cuidadosamente seleccionada de m\u00e1quinas reconstruidas, garantizando rendimiento y durabilidad a precios asequibles. Nuestro compromiso con la calidad se refleja en cada m\u00e1quina, brind\u00e1ndote una opci\u00f3n confiable y rentable. Conf\u00eda en nuestra experiencia en la reconstrucci\u00f3n de m\u00e1quinas usadas y lleva tu productividad al siguiente nivel.<\/strong><\/p>\n\n\n\n<hr class=\"wp-block-separator has-text-color has-alpha-channel-opacity has-background is-style-wide\" style=\"background-color:#00486b;color:#00486b\"\/>\n\n\n<div class=\"wp-block-image\">\n<figure data-wp-context=\"{&quot;imageId&quot;:&quot;69f3b263ef5b3&quot;}\" data-wp-interactive=\"core\/image\" data-wp-key=\"69f3b263ef5b3\" class=\"aligncenter size-full is-resized wp-lightbox-container\"><img loading=\"lazy\" decoding=\"async\" width=\"2048\" height=\"1536\" data-wp-class--hide=\"state.isContentHidden\" data-wp-class--show=\"state.isContentVisible\" data-wp-init=\"callbacks.setButtonStyles\" data-wp-on--click=\"actions.showLightbox\" data-wp-on--load=\"callbacks.setButtonStyles\" data-wp-on-window--resize=\"callbacks.setButtonStyles\" src=\"https:\/\/feypasalvaterra.com\/wp-content\/uploads\/2024\/03\/VENTA-Y-RECONSTRUCCION-DE-MAQUINA.jpg\" alt=\"\" class=\"wp-image-247\" style=\"aspect-ratio:1;object-fit:cover;width:342px\"\/><button\n\t\t\tclass=\"lightbox-trigger\"\n\t\t\ttype=\"button\"\n\t\t\taria-haspopup=\"dialog\"\n\t\t\taria-label=\"Agrandar\"\n\t\t\tdata-wp-init=\"callbacks.initTriggerButton\"\n\t\t\tdata-wp-on--click=\"actions.showLightbox\"\n\t\t\tdata-wp-style--right=\"state.imageButtonRight\"\n\t\t\tdata-wp-style--top=\"state.imageButtonTop\"\n\t\t>\n\t\t\t<svg xmlns=\"http:\/\/www.w3.org\/2000\/svg\" width=\"12\" height=\"12\" fill=\"none\" viewBox=\"0 0 12 12\">\n\t\t\t\t<path fill=\"#fff\" d=\"M2 0a2 2 0 0 0-2 2v2h1.5V2a.5.5 0 0 1 .5-.5h2V0H2Zm2 10.5H2a.5.5 0 0 1-.5-.5V8H0v2a2 2 0 0 0 2 2h2v-1.5ZM8 12v-1.5h2a.5.5 0 0 0 .5-.5V8H12v2a2 2 0 0 1-2 2H8Zm2-12a2 2 0 0 1 2 2v2h-1.5V2a.5.5 0 0 0-.5-.5H8V0h2Z\" \/>\n\t\t\t<\/svg>\n\t\t<\/button><\/figure>\n<\/div>\n\n\n<div class=\"wp-block-buttons alignfull is-horizontal is-content-justification-center is-layout-flex wp-container-core-buttons-is-layout-499968f5 wp-block-buttons-is-layout-flex\">\n<div class=\"wp-block-button has-custom-width wp-block-button__width-50 is-style-fill\"><a class=\"wp-block-button__link has-white-color has-text-color has-background wp-element-button\" href=\"https:\/\/feypasalvaterra.com\/index.php\/contacto\/\" style=\"border-radius:10px;background-color:#10577ac4\">Contactar<\/a><\/div>\n<\/div>\n<\/div>\n<\/div>\n","protected":false},"excerpt":{"rendered":"<p>CONTACTA CON NOSTROS PARA SABER M\u00c1S SOBRE NUESTROS PRODUCTOS Venta de Gomas y Poleas \u00a1Optimiza tu rendimiento con nuestras gomas y poleas de calidad excepcional! En Feypa Salvaterra, ofrecemos soluciones duraderas y eficientes para todas tus necesidades. Descubre la excelencia en cada aplicaci\u00f3n. \u00a1Haz tu pedido ahora y eleva tus proyectos al siguiente nivel! Venta<span class=\"post-excerpt-end\">&hellip;<\/span><\/p>\n<p class=\"more-link\"><a href=\"https:\/\/feypasalvaterra.com\/index.php\/blog\/\" class=\"themebutton\">Leer m\u00e1s<\/a><\/p>\n","protected":false},"author":1,"featured_media":0,"parent":0,"menu_order":0,"comment_status":"closed","ping_status":"closed","template":"","meta":{"footnotes":""},"class_list":["post-28","page","type-page","status-publish","hentry"],"yoast_head":"<!-- This site is optimized with the Yoast SEO plugin v27.5 - https:\/\/yoast.com\/product\/yoast-seo-wordpress\/ -->\n<title>Tienda - FeypaSalvaterra<\/title>\n<meta name=\"robots\" content=\"index, follow, max-snippet:-1, max-image-preview:large, max-video-preview:-1\" \/>\n<link rel=\"canonical\" href=\"https:\/\/feypasalvaterra.com\/index.php\/blog\/\" \/>\n<meta property=\"og:locale\" content=\"es_ES\" \/>\n<meta property=\"og:type\" content=\"article\" \/>\n<meta property=\"og:title\" content=\"Tienda - FeypaSalvaterra\" \/>\n<meta property=\"og:description\" content=\"CONTACTA CON NOSTROS PARA SABER M\u00c1S SOBRE NUESTROS PRODUCTOS Venta de Gomas y Poleas \u00a1Optimiza tu rendimiento con nuestras gomas y poleas de calidad excepcional! En Feypa Salvaterra, ofrecemos soluciones duraderas y eficientes para todas tus necesidades. Descubre la excelencia en cada aplicaci\u00f3n. \u00a1Haz tu pedido ahora y eleva tus proyectos al siguiente nivel! Venta&hellip;Leer m\u00e1s\" \/>\n<meta property=\"og:url\" content=\"https:\/\/feypasalvaterra.com\/index.php\/blog\/\" \/>\n<meta property=\"og:site_name\" content=\"FeypaSalvaterra\" \/>\n<meta property=\"article:modified_time\" content=\"2024-03-07T11:14:45+00:00\" \/>\n<meta property=\"og:image\" content=\"https:\/\/feypasalvaterra.com\/wp-content\/uploads\/2024\/03\/VENTA-DE-TODO-TIPO-DE-GOMAS-Y-POLEAS-1.jpg\" \/>\n<meta name=\"twitter:card\" content=\"summary_large_image\" \/>\n<meta name=\"twitter:label1\" content=\"Tiempo de lectura\" \/>\n\t<meta name=\"twitter:data1\" content=\"2 minutos\" \/>\n<script type=\"application\/ld+json\" class=\"yoast-schema-graph\">{\"@context\":\"https:\\\/\\\/schema.org\",\"@graph\":[{\"@type\":\"WebPage\",\"@id\":\"https:\\\/\\\/feypasalvaterra.com\\\/index.php\\\/blog\\\/\",\"url\":\"https:\\\/\\\/feypasalvaterra.com\\\/index.php\\\/blog\\\/\",\"name\":\"Tienda - FeypaSalvaterra\",\"isPartOf\":{\"@id\":\"https:\\\/\\\/feypasalvaterra.com\\\/#website\"},\"primaryImageOfPage\":{\"@id\":\"https:\\\/\\\/feypasalvaterra.com\\\/index.php\\\/blog\\\/#primaryimage\"},\"image\":{\"@id\":\"https:\\\/\\\/feypasalvaterra.com\\\/index.php\\\/blog\\\/#primaryimage\"},\"thumbnailUrl\":\"https:\\\/\\\/feypasalvaterra.com\\\/wp-content\\\/uploads\\\/2024\\\/03\\\/VENTA-DE-TODO-TIPO-DE-GOMAS-Y-POLEAS-1.jpg\",\"datePublished\":\"2024-02-06T13:04:23+00:00\",\"dateModified\":\"2024-03-07T11:14:45+00:00\",\"breadcrumb\":{\"@id\":\"https:\\\/\\\/feypasalvaterra.com\\\/index.php\\\/blog\\\/#breadcrumb\"},\"inLanguage\":\"es\",\"potentialAction\":[{\"@type\":\"ReadAction\",\"target\":[\"https:\\\/\\\/feypasalvaterra.com\\\/index.php\\\/blog\\\/\"]}]},{\"@type\":\"ImageObject\",\"inLanguage\":\"es\",\"@id\":\"https:\\\/\\\/feypasalvaterra.com\\\/index.php\\\/blog\\\/#primaryimage\",\"url\":\"https:\\\/\\\/feypasalvaterra.com\\\/wp-content\\\/uploads\\\/2024\\\/03\\\/VENTA-DE-TODO-TIPO-DE-GOMAS-Y-POLEAS-1.jpg\",\"contentUrl\":\"https:\\\/\\\/feypasalvaterra.com\\\/wp-content\\\/uploads\\\/2024\\\/03\\\/VENTA-DE-TODO-TIPO-DE-GOMAS-Y-POLEAS-1.jpg\",\"width\":1500,\"height\":2000},{\"@type\":\"BreadcrumbList\",\"@id\":\"https:\\\/\\\/feypasalvaterra.com\\\/index.php\\\/blog\\\/#breadcrumb\",\"itemListElement\":[{\"@type\":\"ListItem\",\"position\":1,\"name\":\"Portada\",\"item\":\"https:\\\/\\\/feypasalvaterra.com\\\/\"},{\"@type\":\"ListItem\",\"position\":2,\"name\":\"Tienda\"}]},{\"@type\":\"WebSite\",\"@id\":\"https:\\\/\\\/feypasalvaterra.com\\\/#website\",\"url\":\"https:\\\/\\\/feypasalvaterra.com\\\/\",\"name\":\"FeypaSalvaterra\",\"description\":\"\",\"potentialAction\":[{\"@type\":\"SearchAction\",\"target\":{\"@type\":\"EntryPoint\",\"urlTemplate\":\"https:\\\/\\\/feypasalvaterra.com\\\/?s={search_term_string}\"},\"query-input\":{\"@type\":\"PropertyValueSpecification\",\"valueRequired\":true,\"valueName\":\"search_term_string\"}}],\"inLanguage\":\"es\"}]}<\/script>\n<!-- \/ Yoast SEO plugin. -->","yoast_head_json":{"title":"Tienda - FeypaSalvaterra","robots":{"index":"index","follow":"follow","max-snippet":"max-snippet:-1","max-image-preview":"max-image-preview:large","max-video-preview":"max-video-preview:-1"},"canonical":"https:\/\/feypasalvaterra.com\/index.php\/blog\/","og_locale":"es_ES","og_type":"article","og_title":"Tienda - FeypaSalvaterra","og_description":"CONTACTA CON NOSTROS PARA SABER M\u00c1S SOBRE NUESTROS PRODUCTOS Venta de Gomas y Poleas \u00a1Optimiza tu rendimiento con nuestras gomas y poleas de calidad excepcional! En Feypa Salvaterra, ofrecemos soluciones duraderas y eficientes para todas tus necesidades. Descubre la excelencia en cada aplicaci\u00f3n. \u00a1Haz tu pedido ahora y eleva tus proyectos al siguiente nivel! Venta&hellip;Leer m\u00e1s","og_url":"https:\/\/feypasalvaterra.com\/index.php\/blog\/","og_site_name":"FeypaSalvaterra","article_modified_time":"2024-03-07T11:14:45+00:00","og_image":[{"url":"https:\/\/feypasalvaterra.com\/wp-content\/uploads\/2024\/03\/VENTA-DE-TODO-TIPO-DE-GOMAS-Y-POLEAS-1.jpg","type":"","width":"","height":""}],"twitter_card":"summary_large_image","twitter_misc":{"Tiempo de lectura":"2 minutos"},"schema":{"@context":"https:\/\/schema.org","@graph":[{"@type":"WebPage","@id":"https:\/\/feypasalvaterra.com\/index.php\/blog\/","url":"https:\/\/feypasalvaterra.com\/index.php\/blog\/","name":"Tienda - FeypaSalvaterra","isPartOf":{"@id":"https:\/\/feypasalvaterra.com\/#website"},"primaryImageOfPage":{"@id":"https:\/\/feypasalvaterra.com\/index.php\/blog\/#primaryimage"},"image":{"@id":"https:\/\/feypasalvaterra.com\/index.php\/blog\/#primaryimage"},"thumbnailUrl":"https:\/\/feypasalvaterra.com\/wp-content\/uploads\/2024\/03\/VENTA-DE-TODO-TIPO-DE-GOMAS-Y-POLEAS-1.jpg","datePublished":"2024-02-06T13:04:23+00:00","dateModified":"2024-03-07T11:14:45+00:00","breadcrumb":{"@id":"https:\/\/feypasalvaterra.com\/index.php\/blog\/#breadcrumb"},"inLanguage":"es","potentialAction":[{"@type":"ReadAction","target":["https:\/\/feypasalvaterra.com\/index.php\/blog\/"]}]},{"@type":"ImageObject","inLanguage":"es","@id":"https:\/\/feypasalvaterra.com\/index.php\/blog\/#primaryimage","url":"https:\/\/feypasalvaterra.com\/wp-content\/uploads\/2024\/03\/VENTA-DE-TODO-TIPO-DE-GOMAS-Y-POLEAS-1.jpg","contentUrl":"https:\/\/feypasalvaterra.com\/wp-content\/uploads\/2024\/03\/VENTA-DE-TODO-TIPO-DE-GOMAS-Y-POLEAS-1.jpg","width":1500,"height":2000},{"@type":"BreadcrumbList","@id":"https:\/\/feypasalvaterra.com\/index.php\/blog\/#breadcrumb","itemListElement":[{"@type":"ListItem","position":1,"name":"Portada","item":"https:\/\/feypasalvaterra.com\/"},{"@type":"ListItem","position":2,"name":"Tienda"}]},{"@type":"WebSite","@id":"https:\/\/feypasalvaterra.com\/#website","url":"https:\/\/feypasalvaterra.com\/","name":"FeypaSalvaterra","description":"","potentialAction":[{"@type":"SearchAction","target":{"@type":"EntryPoint","urlTemplate":"https:\/\/feypasalvaterra.com\/?s={search_term_string}"},"query-input":{"@type":"PropertyValueSpecification","valueRequired":true,"valueName":"search_term_string"}}],"inLanguage":"es"}]}},"_links":{"self":[{"href":"https:\/\/feypasalvaterra.com\/index.php\/wp-json\/wp\/v2\/pages\/28","targetHints":{"allow":["GET"]}}],"collection":[{"href":"https:\/\/feypasalvaterra.com\/index.php\/wp-json\/wp\/v2\/pages"}],"about":[{"href":"https:\/\/feypasalvaterra.com\/index.php\/wp-json\/wp\/v2\/types\/page"}],"author":[{"embeddable":true,"href":"https:\/\/feypasalvaterra.com\/index.php\/wp-json\/wp\/v2\/users\/1"}],"replies":[{"embeddable":true,"href":"https:\/\/feypasalvaterra.com\/index.php\/wp-json\/wp\/v2\/comments?post=28"}],"version-history":[{"count":23,"href":"https:\/\/feypasalvaterra.com\/index.php\/wp-json\/wp\/v2\/pages\/28\/revisions"}],"predecessor-version":[{"id":257,"href":"https:\/\/feypasalvaterra.com\/index.php\/wp-json\/wp\/v2\/pages\/28\/revisions\/257"}],"wp:attachment":[{"href":"https:\/\/feypasalvaterra.com\/index.php\/wp-json\/wp\/v2\/media?parent=28"}],"curies":[{"name":"wp","href":"https:\/\/api.w.org\/{rel}","templated":true}]}}