{"id":85,"date":"2024-02-22T11:43:11","date_gmt":"2024-02-22T10:43:11","guid":{"rendered":"https:\/\/feypasalvaterra.com\/?page_id=85"},"modified":"2024-03-11T12:33:49","modified_gmt":"2024-03-11T11:33:49","slug":"servicios","status":"publish","type":"page","link":"https:\/\/feypasalvaterra.com\/index.php\/servicios\/","title":{"rendered":"Servicios"},"content":{"rendered":"\n<div class=\"wp-block-columns are-vertically-aligned-center is-layout-flex wp-container-core-columns-is-layout-9d6595d7 wp-block-columns-is-layout-flex\">\n<div class=\"wp-block-column is-vertically-aligned-center is-layout-flow wp-block-column-is-layout-flow\">\n<p class=\"has-text-align-center has-black-color has-text-color has-link-color wp-elements-3c3ab41541d860d76892a10af136e590\"><strong>MECANIZADO<\/strong><\/p>\n\n\n\n<p class=\"has-text-align-left has-black-color has-text-color has-link-color wp-elements-8c6848d99873a1ac3d17becc84208d08\">Contamos con un equipo altamente capacitado y equipamiento de \u00faltima generaci\u00f3n para llevar a cabo el mecanizado de piezas con la m\u00e1xima precisi\u00f3n. Nuestra capacidad t\u00e9cnica nos permite trabajar con una amplia variedad de materiales, desde metales convencionales hasta aleaciones especializadas. Cada proyecto es abordado con un enfoque meticuloso, asegurando la calidad y la precisi\u00f3n en cada fase del proceso. Ya sea para la creaci\u00f3n de componentes personalizados o la replicaci\u00f3n exacta de piezas, nuestro servicio de mecanizado se adapta a las necesidades espec\u00edficas de cada cliente.<\/p>\n<\/div>\n\n\n\n<div class=\"wp-block-column is-vertically-aligned-center is-layout-flow wp-block-column-is-layout-flow\"><div class=\"wp-block-image\">\n<figure data-wp-context=\"{&quot;imageId&quot;:&quot;69f3bbb03d2c3&quot;}\" data-wp-interactive=\"core\/image\" data-wp-key=\"69f3bbb03d2c3\" class=\"aligncenter size-full is-resized wp-lightbox-container\"><img loading=\"lazy\" decoding=\"async\" width=\"1536\" height=\"2048\" data-wp-class--hide=\"state.isContentHidden\" data-wp-class--show=\"state.isContentVisible\" data-wp-init=\"callbacks.setButtonStyles\" data-wp-on--click=\"actions.showLightbox\" data-wp-on--load=\"callbacks.setButtonStyles\" data-wp-on-window--resize=\"callbacks.setButtonStyles\" src=\"https:\/\/feypasalvaterra.com\/wp-content\/uploads\/2024\/03\/TRABAJO-MECANIZADO-2.jpg\" alt=\"\" class=\"wp-image-216\" style=\"object-fit:cover;width:302px;height:auto\"\/><button\n\t\t\tclass=\"lightbox-trigger\"\n\t\t\ttype=\"button\"\n\t\t\taria-haspopup=\"dialog\"\n\t\t\taria-label=\"Agrandar\"\n\t\t\tdata-wp-init=\"callbacks.initTriggerButton\"\n\t\t\tdata-wp-on--click=\"actions.showLightbox\"\n\t\t\tdata-wp-style--right=\"state.imageButtonRight\"\n\t\t\tdata-wp-style--top=\"state.imageButtonTop\"\n\t\t>\n\t\t\t<svg xmlns=\"http:\/\/www.w3.org\/2000\/svg\" width=\"12\" height=\"12\" fill=\"none\" viewBox=\"0 0 12 12\">\n\t\t\t\t<path fill=\"#fff\" d=\"M2 0a2 2 0 0 0-2 2v2h1.5V2a.5.5 0 0 1 .5-.5h2V0H2Zm2 10.5H2a.5.5 0 0 1-.5-.5V8H0v2a2 2 0 0 0 2 2h2v-1.5ZM8 12v-1.5h2a.5.5 0 0 0 .5-.5V8H12v2a2 2 0 0 1-2 2H8Zm2-12a2 2 0 0 1 2 2v2h-1.5V2a.5.5 0 0 0-.5-.5H8V0h2Z\" \/>\n\t\t\t<\/svg>\n\t\t<\/button><\/figure>\n<\/div><\/div>\n<\/div>\n\n\n\n<div class=\"wp-block-columns are-vertically-aligned-center has-background is-layout-flex wp-container-core-columns-is-layout-9d6595d7 wp-block-columns-is-layout-flex\" style=\"background-color:#a2c0dc\">\n<div class=\"wp-block-column is-vertically-aligned-center is-layout-flow wp-block-column-is-layout-flow\"><div class=\"wp-block-image\">\n<figure data-wp-context=\"{&quot;imageId&quot;:&quot;69f3bbb03d6f1&quot;}\" data-wp-interactive=\"core\/image\" data-wp-key=\"69f3bbb03d6f1\" class=\"aligncenter size-full wp-lightbox-container\"><img loading=\"lazy\" decoding=\"async\" width=\"2000\" height=\"1500\" data-wp-class--hide=\"state.isContentHidden\" data-wp-class--show=\"state.isContentVisible\" data-wp-init=\"callbacks.setButtonStyles\" data-wp-on--click=\"actions.showLightbox\" data-wp-on--load=\"callbacks.setButtonStyles\" data-wp-on-window--resize=\"callbacks.setButtonStyles\" src=\"https:\/\/feypasalvaterra.com\/wp-content\/uploads\/2024\/03\/TRABAJOS-EN-SOLDADURA.jpg\" alt=\"\" class=\"wp-image-217\" style=\"object-fit:cover\"\/><button\n\t\t\tclass=\"lightbox-trigger\"\n\t\t\ttype=\"button\"\n\t\t\taria-haspopup=\"dialog\"\n\t\t\taria-label=\"Agrandar\"\n\t\t\tdata-wp-init=\"callbacks.initTriggerButton\"\n\t\t\tdata-wp-on--click=\"actions.showLightbox\"\n\t\t\tdata-wp-style--right=\"state.imageButtonRight\"\n\t\t\tdata-wp-style--top=\"state.imageButtonTop\"\n\t\t>\n\t\t\t<svg xmlns=\"http:\/\/www.w3.org\/2000\/svg\" width=\"12\" height=\"12\" fill=\"none\" viewBox=\"0 0 12 12\">\n\t\t\t\t<path fill=\"#fff\" d=\"M2 0a2 2 0 0 0-2 2v2h1.5V2a.5.5 0 0 1 .5-.5h2V0H2Zm2 10.5H2a.5.5 0 0 1-.5-.5V8H0v2a2 2 0 0 0 2 2h2v-1.5ZM8 12v-1.5h2a.5.5 0 0 0 .5-.5V8H12v2a2 2 0 0 1-2 2H8Zm2-12a2 2 0 0 1 2 2v2h-1.5V2a.5.5 0 0 0-.5-.5H8V0h2Z\" \/>\n\t\t\t<\/svg>\n\t\t<\/button><\/figure>\n<\/div><\/div>\n\n\n\n<div class=\"wp-block-column is-vertically-aligned-center is-layout-flow wp-block-column-is-layout-flow\">\n<p class=\"has-text-align-center has-black-color has-text-color has-link-color wp-elements-8cd72c4451bbd31d214aa57ab0eafea1\"><strong>SOLDADURA<\/strong><\/p>\n\n\n\n<p class=\"has-text-align-left has-black-color has-text-color has-link-color wp-elements-b1411a004d8b78cce15bf8dd29a885e2\">Nuestro servicio de soldadura destaca por cumplir con los m\u00e1s altos est\u00e1ndares de seguridad y durabilidad. Contamos con soldadores certificados que emplean t\u00e9cnicas avanzadas para garantizar uniones s\u00f3lidas y duraderas. Ya sea para la fabricaci\u00f3n de estructuras met\u00e1licas, reparaci\u00f3n de piezas o proyectos de soldadura especializados, nuestro equipo est\u00e1 comprometido con entregar resultados que superen las expectativas. La seguridad y la integridad estructural son nuestras principales prioridades en cada proyecto de soldadura.<\/p>\n<\/div>\n<\/div>\n\n\n\n<hr class=\"wp-block-separator has-alpha-channel-opacity is-style-dots\"\/>\n\n\n\n<div class=\"wp-block-group alignfull has-text-color has-background\" style=\"color:#000000;background-color:#d6d6d691\"><div class=\"wp-block-group__inner-container is-layout-flow wp-block-group-is-layout-flow\">\n<div style=\"height:64px\" aria-hidden=\"true\" class=\"wp-block-spacer\"><\/div>\n\n\n\n<p class=\"has-text-align-center has-medium-font-size\" style=\"line-height:.9\">\u00bfEst\u00e1s interesado en nuestros servicios?<\/p>\n\n\n\n<h2 class=\"wp-block-heading has-text-align-center\" id=\"schedule-a-visit\" style=\"font-size:43px;line-height:1.15\"><strong>Programa una visita<\/strong><\/h2>\n\n\n\n<div class=\"wp-block-buttons is-horizontal is-content-justification-center is-layout-flex wp-container-core-buttons-is-layout-499968f5 wp-block-buttons-is-layout-flex\">\n<div class=\"wp-block-button has-custom-width wp-block-button__width-50 is-style-fill\"><a class=\"wp-block-button__link has-background wp-element-button\" href=\"https:\/\/feypasalvaterra.com\/index.php\/contacto\/\" style=\"border-radius:7px;background-color:#083750\">Cont\u00e1ctanos<\/a><\/div>\n<\/div>\n\n\n\n<div style=\"height:64px\" aria-hidden=\"true\" class=\"wp-block-spacer\"><\/div>\n<\/div><\/div>\n\n\n\n<hr class=\"wp-block-separator has-alpha-channel-opacity is-style-dots\"\/>\n\n\n\n<div class=\"wp-block-columns are-vertically-aligned-center has-background is-layout-flex wp-container-core-columns-is-layout-9d6595d7 wp-block-columns-is-layout-flex\" style=\"background-color:#a2c0dc\">\n<div class=\"wp-block-column is-vertically-aligned-center is-layout-flow wp-block-column-is-layout-flow\">\n<p class=\"has-text-align-center has-black-color has-text-color has-link-color wp-elements-3b614879af7ba34b9600bcb96a9d00eb\"><strong>REPARACI\u00d3N ESPECIALIZADA<\/strong><\/p>\n\n\n\n<p class=\"has-black-color has-text-color has-link-color wp-elements-0d8ff7f9b0a371c5ec1d16d4d5e7ce6b\">Ofrecemos servicios de reparaci\u00f3n para todo tipo de maquinaria industrial, as\u00ed como para poleas y tambores de todos los di\u00e1metros. Nuestro equipo de t\u00e9cnicos altamente capacitados est\u00e1 preparado para abordar desaf\u00edos de reparaci\u00f3n, sin importar la complejidad. Desde la identificaci\u00f3n precisa de problemas hasta la implementaci\u00f3n de soluciones efectivas, nos esforzamos por devolver la funcionalidad \u00f3ptima a su equipo. La experiencia acumulada a lo largo de los a\u00f1os nos permite diagnosticar y resolver problemas de manera eficiente, minimizando el tiempo de inactividad de su maquinaria.<\/p>\n<\/div>\n\n\n\n<div class=\"wp-block-column is-vertically-aligned-center is-layout-flow wp-block-column-is-layout-flow\"><div class=\"wp-block-image\">\n<figure data-wp-context=\"{&quot;imageId&quot;:&quot;69f3bbb03e447&quot;}\" data-wp-interactive=\"core\/image\" data-wp-key=\"69f3bbb03e447\" class=\"aligncenter size-full is-resized wp-lightbox-container\"><img loading=\"lazy\" decoding=\"async\" width=\"1500\" height=\"2000\" data-wp-class--hide=\"state.isContentHidden\" data-wp-class--show=\"state.isContentVisible\" data-wp-init=\"callbacks.setButtonStyles\" data-wp-on--click=\"actions.showLightbox\" data-wp-on--load=\"callbacks.setButtonStyles\" data-wp-on-window--resize=\"callbacks.setButtonStyles\" src=\"https:\/\/feypasalvaterra.com\/wp-content\/uploads\/2024\/03\/REPARACION-DE-POLEAS-DE-TODO-TIPO-Y-DIAMETROS.jpg\" alt=\"\" class=\"wp-image-220\" style=\"width:254px;height:auto\"\/><button\n\t\t\tclass=\"lightbox-trigger\"\n\t\t\ttype=\"button\"\n\t\t\taria-haspopup=\"dialog\"\n\t\t\taria-label=\"Agrandar\"\n\t\t\tdata-wp-init=\"callbacks.initTriggerButton\"\n\t\t\tdata-wp-on--click=\"actions.showLightbox\"\n\t\t\tdata-wp-style--right=\"state.imageButtonRight\"\n\t\t\tdata-wp-style--top=\"state.imageButtonTop\"\n\t\t>\n\t\t\t<svg xmlns=\"http:\/\/www.w3.org\/2000\/svg\" width=\"12\" height=\"12\" fill=\"none\" viewBox=\"0 0 12 12\">\n\t\t\t\t<path fill=\"#fff\" d=\"M2 0a2 2 0 0 0-2 2v2h1.5V2a.5.5 0 0 1 .5-.5h2V0H2Zm2 10.5H2a.5.5 0 0 1-.5-.5V8H0v2a2 2 0 0 0 2 2h2v-1.5ZM8 12v-1.5h2a.5.5 0 0 0 .5-.5V8H12v2a2 2 0 0 1-2 2H8Zm2-12a2 2 0 0 1 2 2v2h-1.5V2a.5.5 0 0 0-.5-.5H8V0h2Z\" \/>\n\t\t\t<\/svg>\n\t\t<\/button><\/figure>\n<\/div><\/div>\n<\/div>\n\n\n\n<div class=\"wp-block-columns are-vertically-aligned-center is-layout-flex wp-container-core-columns-is-layout-9d6595d7 wp-block-columns-is-layout-flex\">\n<div class=\"wp-block-column is-vertically-aligned-center is-layout-flow wp-block-column-is-layout-flow\"><div class=\"wp-block-image\">\n<figure data-wp-context=\"{&quot;imageId&quot;:&quot;69f3bbb03e81e&quot;}\" data-wp-interactive=\"core\/image\" data-wp-key=\"69f3bbb03e81e\" class=\"aligncenter size-full is-resized wp-lightbox-container\"><img loading=\"lazy\" decoding=\"async\" width=\"4000\" height=\"3000\" data-wp-class--hide=\"state.isContentHidden\" data-wp-class--show=\"state.isContentVisible\" data-wp-init=\"callbacks.setButtonStyles\" data-wp-on--click=\"actions.showLightbox\" data-wp-on--load=\"callbacks.setButtonStyles\" data-wp-on-window--resize=\"callbacks.setButtonStyles\" src=\"https:\/\/feypasalvaterra.com\/wp-content\/uploads\/2024\/03\/TRABAJOS-GRUA-4.jpg\" alt=\"\" class=\"wp-image-218\" style=\"width:264px;height:auto\"\/><button\n\t\t\tclass=\"lightbox-trigger\"\n\t\t\ttype=\"button\"\n\t\t\taria-haspopup=\"dialog\"\n\t\t\taria-label=\"Agrandar\"\n\t\t\tdata-wp-init=\"callbacks.initTriggerButton\"\n\t\t\tdata-wp-on--click=\"actions.showLightbox\"\n\t\t\tdata-wp-style--right=\"state.imageButtonRight\"\n\t\t\tdata-wp-style--top=\"state.imageButtonTop\"\n\t\t>\n\t\t\t<svg xmlns=\"http:\/\/www.w3.org\/2000\/svg\" width=\"12\" height=\"12\" fill=\"none\" viewBox=\"0 0 12 12\">\n\t\t\t\t<path fill=\"#fff\" d=\"M2 0a2 2 0 0 0-2 2v2h1.5V2a.5.5 0 0 1 .5-.5h2V0H2Zm2 10.5H2a.5.5 0 0 1-.5-.5V8H0v2a2 2 0 0 0 2 2h2v-1.5ZM8 12v-1.5h2a.5.5 0 0 0 .5-.5V8H12v2a2 2 0 0 1-2 2H8Zm2-12a2 2 0 0 1 2 2v2h-1.5V2a.5.5 0 0 0-.5-.5H8V0h2Z\" \/>\n\t\t\t<\/svg>\n\t\t<\/button><\/figure>\n<\/div><\/div>\n\n\n\n<div class=\"wp-block-column is-vertically-aligned-center is-layout-flow wp-block-column-is-layout-flow\">\n<p class=\"has-text-align-center has-black-color has-text-color has-link-color wp-elements-367463fbed4649bffcce2f19db562436\"><strong>SERVICIO DE CAMI\u00d3N GR\u00daA<\/strong><\/p>\n\n\n\n<p class=\"has-black-color has-text-color has-link-color wp-elements-123bd242661febdbfa8a2b7b60ec9939\">Facilitamos el transporte y la manipulaci\u00f3n de equipos pesados con nuestro servicio de cami\u00f3n gr\u00faa. Nuestro equipo de operadores altamente capacitados garantiza la seguridad y eficiencia en todas las fases del proceso log\u00edstico. Desde el levantamiento y carga hasta el transporte y descarga, nuestro servicio de cami\u00f3n gr\u00faa est\u00e1 dise\u00f1ado para satisfacer las necesidades de movilizaci\u00f3n de equipos pesados. Ya sea para proyectos de construcci\u00f3n, instalaci\u00f3n de maquinaria o cualquier otra necesidad de elevaci\u00f3n, nuestro servicio de cami\u00f3n gr\u00faa es la soluci\u00f3n confiable.<\/p>\n<\/div>\n<\/div>\n","protected":false},"excerpt":{"rendered":"<p>MECANIZADO Contamos con un equipo altamente capacitado y equipamiento de \u00faltima generaci\u00f3n para llevar a cabo el mecanizado de piezas con la m\u00e1xima precisi\u00f3n. Nuestra capacidad t\u00e9cnica nos permite trabajar con una amplia variedad de materiales, desde metales convencionales hasta aleaciones especializadas. Cada proyecto es abordado con un enfoque meticuloso, asegurando la calidad y la<span class=\"post-excerpt-end\">&hellip;<\/span><\/p>\n<p class=\"more-link\"><a href=\"https:\/\/feypasalvaterra.com\/index.php\/servicios\/\" class=\"themebutton\">Leer m\u00e1s<\/a><\/p>\n","protected":false},"author":1,"featured_media":0,"parent":0,"menu_order":0,"comment_status":"closed","ping_status":"closed","template":"","meta":{"footnotes":""},"class_list":["post-85","page","type-page","status-publish","hentry"],"yoast_head":"<!-- This site is optimized with the Yoast SEO plugin v27.5 - https:\/\/yoast.com\/product\/yoast-seo-wordpress\/ -->\n<title>Servicios - FeypaSalvaterra<\/title>\n<meta name=\"robots\" content=\"index, follow, max-snippet:-1, max-image-preview:large, max-video-preview:-1\" \/>\n<link rel=\"canonical\" href=\"https:\/\/feypasalvaterra.com\/index.php\/servicios\/\" \/>\n<meta property=\"og:locale\" content=\"es_ES\" \/>\n<meta property=\"og:type\" content=\"article\" \/>\n<meta property=\"og:title\" content=\"Servicios - FeypaSalvaterra\" \/>\n<meta property=\"og:description\" content=\"MECANIZADO Contamos con un equipo altamente capacitado y equipamiento de \u00faltima generaci\u00f3n para llevar a cabo el mecanizado de piezas con la m\u00e1xima precisi\u00f3n. Nuestra capacidad t\u00e9cnica nos permite trabajar con una amplia variedad de materiales, desde metales convencionales hasta aleaciones especializadas. Cada proyecto es abordado con un enfoque meticuloso, asegurando la calidad y la&hellip;Leer m\u00e1s\" \/>\n<meta property=\"og:url\" content=\"https:\/\/feypasalvaterra.com\/index.php\/servicios\/\" \/>\n<meta property=\"og:site_name\" content=\"FeypaSalvaterra\" \/>\n<meta property=\"article:modified_time\" content=\"2024-03-11T11:33:49+00:00\" \/>\n<meta property=\"og:image\" content=\"https:\/\/feypasalvaterra.com\/wp-content\/uploads\/2024\/03\/TRABAJO-MECANIZADO-2.jpg\" \/>\n<meta name=\"twitter:card\" content=\"summary_large_image\" \/>\n<meta name=\"twitter:label1\" content=\"Tiempo de lectura\" \/>\n\t<meta name=\"twitter:data1\" content=\"3 minutos\" \/>\n<script type=\"application\/ld+json\" class=\"yoast-schema-graph\">{\"@context\":\"https:\\\/\\\/schema.org\",\"@graph\":[{\"@type\":\"WebPage\",\"@id\":\"https:\\\/\\\/feypasalvaterra.com\\\/index.php\\\/servicios\\\/\",\"url\":\"https:\\\/\\\/feypasalvaterra.com\\\/index.php\\\/servicios\\\/\",\"name\":\"Servicios - FeypaSalvaterra\",\"isPartOf\":{\"@id\":\"https:\\\/\\\/feypasalvaterra.com\\\/#website\"},\"primaryImageOfPage\":{\"@id\":\"https:\\\/\\\/feypasalvaterra.com\\\/index.php\\\/servicios\\\/#primaryimage\"},\"image\":{\"@id\":\"https:\\\/\\\/feypasalvaterra.com\\\/index.php\\\/servicios\\\/#primaryimage\"},\"thumbnailUrl\":\"https:\\\/\\\/feypasalvaterra.com\\\/wp-content\\\/uploads\\\/2024\\\/03\\\/TRABAJO-MECANIZADO-2.jpg\",\"datePublished\":\"2024-02-22T10:43:11+00:00\",\"dateModified\":\"2024-03-11T11:33:49+00:00\",\"breadcrumb\":{\"@id\":\"https:\\\/\\\/feypasalvaterra.com\\\/index.php\\\/servicios\\\/#breadcrumb\"},\"inLanguage\":\"es\",\"potentialAction\":[{\"@type\":\"ReadAction\",\"target\":[\"https:\\\/\\\/feypasalvaterra.com\\\/index.php\\\/servicios\\\/\"]}]},{\"@type\":\"ImageObject\",\"inLanguage\":\"es\",\"@id\":\"https:\\\/\\\/feypasalvaterra.com\\\/index.php\\\/servicios\\\/#primaryimage\",\"url\":\"https:\\\/\\\/feypasalvaterra.com\\\/wp-content\\\/uploads\\\/2024\\\/03\\\/TRABAJO-MECANIZADO-2.jpg\",\"contentUrl\":\"https:\\\/\\\/feypasalvaterra.com\\\/wp-content\\\/uploads\\\/2024\\\/03\\\/TRABAJO-MECANIZADO-2.jpg\",\"width\":1536,\"height\":2048},{\"@type\":\"BreadcrumbList\",\"@id\":\"https:\\\/\\\/feypasalvaterra.com\\\/index.php\\\/servicios\\\/#breadcrumb\",\"itemListElement\":[{\"@type\":\"ListItem\",\"position\":1,\"name\":\"Portada\",\"item\":\"https:\\\/\\\/feypasalvaterra.com\\\/\"},{\"@type\":\"ListItem\",\"position\":2,\"name\":\"Servicios\"}]},{\"@type\":\"WebSite\",\"@id\":\"https:\\\/\\\/feypasalvaterra.com\\\/#website\",\"url\":\"https:\\\/\\\/feypasalvaterra.com\\\/\",\"name\":\"FeypaSalvaterra\",\"description\":\"\",\"potentialAction\":[{\"@type\":\"SearchAction\",\"target\":{\"@type\":\"EntryPoint\",\"urlTemplate\":\"https:\\\/\\\/feypasalvaterra.com\\\/?s={search_term_string}\"},\"query-input\":{\"@type\":\"PropertyValueSpecification\",\"valueRequired\":true,\"valueName\":\"search_term_string\"}}],\"inLanguage\":\"es\"}]}<\/script>\n<!-- \/ Yoast SEO plugin. -->","yoast_head_json":{"title":"Servicios - FeypaSalvaterra","robots":{"index":"index","follow":"follow","max-snippet":"max-snippet:-1","max-image-preview":"max-image-preview:large","max-video-preview":"max-video-preview:-1"},"canonical":"https:\/\/feypasalvaterra.com\/index.php\/servicios\/","og_locale":"es_ES","og_type":"article","og_title":"Servicios - FeypaSalvaterra","og_description":"MECANIZADO Contamos con un equipo altamente capacitado y equipamiento de \u00faltima generaci\u00f3n para llevar a cabo el mecanizado de piezas con la m\u00e1xima precisi\u00f3n. Nuestra capacidad t\u00e9cnica nos permite trabajar con una amplia variedad de materiales, desde metales convencionales hasta aleaciones especializadas. Cada proyecto es abordado con un enfoque meticuloso, asegurando la calidad y la&hellip;Leer m\u00e1s","og_url":"https:\/\/feypasalvaterra.com\/index.php\/servicios\/","og_site_name":"FeypaSalvaterra","article_modified_time":"2024-03-11T11:33:49+00:00","og_image":[{"url":"https:\/\/feypasalvaterra.com\/wp-content\/uploads\/2024\/03\/TRABAJO-MECANIZADO-2.jpg","type":"","width":"","height":""}],"twitter_card":"summary_large_image","twitter_misc":{"Tiempo de lectura":"3 minutos"},"schema":{"@context":"https:\/\/schema.org","@graph":[{"@type":"WebPage","@id":"https:\/\/feypasalvaterra.com\/index.php\/servicios\/","url":"https:\/\/feypasalvaterra.com\/index.php\/servicios\/","name":"Servicios - FeypaSalvaterra","isPartOf":{"@id":"https:\/\/feypasalvaterra.com\/#website"},"primaryImageOfPage":{"@id":"https:\/\/feypasalvaterra.com\/index.php\/servicios\/#primaryimage"},"image":{"@id":"https:\/\/feypasalvaterra.com\/index.php\/servicios\/#primaryimage"},"thumbnailUrl":"https:\/\/feypasalvaterra.com\/wp-content\/uploads\/2024\/03\/TRABAJO-MECANIZADO-2.jpg","datePublished":"2024-02-22T10:43:11+00:00","dateModified":"2024-03-11T11:33:49+00:00","breadcrumb":{"@id":"https:\/\/feypasalvaterra.com\/index.php\/servicios\/#breadcrumb"},"inLanguage":"es","potentialAction":[{"@type":"ReadAction","target":["https:\/\/feypasalvaterra.com\/index.php\/servicios\/"]}]},{"@type":"ImageObject","inLanguage":"es","@id":"https:\/\/feypasalvaterra.com\/index.php\/servicios\/#primaryimage","url":"https:\/\/feypasalvaterra.com\/wp-content\/uploads\/2024\/03\/TRABAJO-MECANIZADO-2.jpg","contentUrl":"https:\/\/feypasalvaterra.com\/wp-content\/uploads\/2024\/03\/TRABAJO-MECANIZADO-2.jpg","width":1536,"height":2048},{"@type":"BreadcrumbList","@id":"https:\/\/feypasalvaterra.com\/index.php\/servicios\/#breadcrumb","itemListElement":[{"@type":"ListItem","position":1,"name":"Portada","item":"https:\/\/feypasalvaterra.com\/"},{"@type":"ListItem","position":2,"name":"Servicios"}]},{"@type":"WebSite","@id":"https:\/\/feypasalvaterra.com\/#website","url":"https:\/\/feypasalvaterra.com\/","name":"FeypaSalvaterra","description":"","potentialAction":[{"@type":"SearchAction","target":{"@type":"EntryPoint","urlTemplate":"https:\/\/feypasalvaterra.com\/?s={search_term_string}"},"query-input":{"@type":"PropertyValueSpecification","valueRequired":true,"valueName":"search_term_string"}}],"inLanguage":"es"}]}},"_links":{"self":[{"href":"https:\/\/feypasalvaterra.com\/index.php\/wp-json\/wp\/v2\/pages\/85","targetHints":{"allow":["GET"]}}],"collection":[{"href":"https:\/\/feypasalvaterra.com\/index.php\/wp-json\/wp\/v2\/pages"}],"about":[{"href":"https:\/\/feypasalvaterra.com\/index.php\/wp-json\/wp\/v2\/types\/page"}],"author":[{"embeddable":true,"href":"https:\/\/feypasalvaterra.com\/index.php\/wp-json\/wp\/v2\/users\/1"}],"replies":[{"embeddable":true,"href":"https:\/\/feypasalvaterra.com\/index.php\/wp-json\/wp\/v2\/comments?post=85"}],"version-history":[{"count":47,"href":"https:\/\/feypasalvaterra.com\/index.php\/wp-json\/wp\/v2\/pages\/85\/revisions"}],"predecessor-version":[{"id":269,"href":"https:\/\/feypasalvaterra.com\/index.php\/wp-json\/wp\/v2\/pages\/85\/revisions\/269"}],"wp:attachment":[{"href":"https:\/\/feypasalvaterra.com\/index.php\/wp-json\/wp\/v2\/media?parent=85"}],"curies":[{"name":"wp","href":"https:\/\/api.w.org\/{rel}","templated":true}]}}